{"id":5278,"date":"2025-03-11T11:32:22","date_gmt":"2025-03-11T11:32:22","guid":{"rendered":"https:\/\/www.helloworld-agency.com\/demo\/maev\/rse\/"},"modified":"2025-05-23T16:41:15","modified_gmt":"2025-05-23T16:41:15","slug":"rse","status":"publish","type":"page","link":"https:\/\/www.studiomaev.com\/fr\/rse\/","title":{"rendered":"RSE"},"content":{"rendered":"\t\t<div data-elementor-type=\"wp-page\" data-elementor-id=\"5278\" class=\"elementor elementor-5278 elementor-5136\">\n\t\t\t\t<div class=\"elementor-element elementor-element-b6416a5 e-flex e-con-boxed tcg-animation-none e-con e-parent\" data-id=\"b6416a5\" data-element_type=\"container\" data-settings=\"{&quot;background_background&quot;:&quot;classic&quot;,&quot;tc_container_hover_selector&quot;:&quot;container&quot;,&quot;tc_container_background_parallax&quot;:&quot;no&quot;,&quot;tc_smooth_scroll_effects&quot;:&quot;none&quot;,&quot;tc_css_effects&quot;:&quot;none&quot;,&quot;tcg_advanced_hover&quot;:&quot;no&quot;,&quot;tc_container_clip_path&quot;:&quot;none&quot;,&quot;float_cursor&quot;:&quot;no&quot;,&quot;tc_dark_mode_responsive_hide_in_dark&quot;:&quot;no&quot;,&quot;tc_dark_mode_responsive_hide_in_light&quot;:&quot;no&quot;}\">\n\t\t\t\t\t<div class=\"e-con-inner\">\n\t\t<div class=\"elementor-element elementor-element-4fd17ab e-con-full e-flex tcg-animation-none e-con e-child\" data-id=\"4fd17ab\" data-element_type=\"container\" data-settings=\"{&quot;tc_container_hover_selector&quot;:&quot;container&quot;,&quot;tc_container_background_parallax&quot;:&quot;no&quot;,&quot;tc_smooth_scroll_effects&quot;:&quot;none&quot;,&quot;tc_css_effects&quot;:&quot;none&quot;,&quot;tcg_advanced_hover&quot;:&quot;no&quot;,&quot;tc_container_clip_path&quot;:&quot;none&quot;,&quot;float_cursor&quot;:&quot;no&quot;,&quot;tc_dark_mode_responsive_hide_in_dark&quot;:&quot;no&quot;,&quot;tc_dark_mode_responsive_hide_in_light&quot;:&quot;no&quot;}\">\n\t\t<div class=\"elementor-element elementor-element-21e553b e-con-full e-flex tcg-animation-none e-con e-child\" data-id=\"21e553b\" data-element_type=\"container\" data-settings=\"{&quot;tc_container_hover_selector&quot;:&quot;container&quot;,&quot;tc_container_background_parallax&quot;:&quot;no&quot;,&quot;tc_smooth_scroll_effects&quot;:&quot;none&quot;,&quot;tc_css_effects&quot;:&quot;none&quot;,&quot;tcg_advanced_hover&quot;:&quot;no&quot;,&quot;tc_container_clip_path&quot;:&quot;none&quot;,&quot;float_cursor&quot;:&quot;no&quot;,&quot;tc_dark_mode_responsive_hide_in_dark&quot;:&quot;no&quot;,&quot;tc_dark_mode_responsive_hide_in_light&quot;:&quot;no&quot;}\">\n\t\t\t\t<div class=\"elementor-element elementor-element-4508585 elementor-absolute tcg-animation-none elementor-widget elementor-widget-heading\" data-id=\"4508585\" data-element_type=\"widget\" data-settings=\"{&quot;_position&quot;:&quot;absolute&quot;,&quot;tc_smooth_scroll_effects&quot;:&quot;none&quot;,&quot;tc_css_effects&quot;:&quot;none&quot;,&quot;tc_dark_mode_responsive_hide_in_dark&quot;:&quot;no&quot;,&quot;tc_dark_mode_responsive_hide_in_light&quot;:&quot;no&quot;}\" data-widget_type=\"heading.default\">\n\t\t\t\t<div class=\"elementor-widget-container\">\n\t\t\t\t\t<h1 class=\"elementor-heading-title elementor-size-default\">RSE<\/h1>\t\t\t\t<\/div>\n\t\t\t\t<\/div>\n\t\t\t\t<\/div>\n\t\t\t\t<\/div>\n\t\t\t\t<div class=\"elementor-element elementor-element-ef65eb1 elementor-widget__width-inherit tcg-animation-none elementor-widget elementor-widget-html\" data-id=\"ef65eb1\" data-element_type=\"widget\" data-settings=\"{&quot;tc_smooth_scroll_effects&quot;:&quot;none&quot;,&quot;tc_css_effects&quot;:&quot;none&quot;,&quot;tc_dark_mode_responsive_hide_in_dark&quot;:&quot;no&quot;,&quot;tc_dark_mode_responsive_hide_in_light&quot;:&quot;no&quot;}\" data-widget_type=\"html.default\">\n\t\t\t\t<div class=\"elementor-widget-container\">\n\t\t\t\t\t<div class=\"overlay-custom-header\">\n<\/div>\t\t\t\t<\/div>\n\t\t\t\t<\/div>\n\t\t\t\t\t<\/div>\n\t\t\t\t<\/div>\n\t\t<div class=\"elementor-element elementor-element-811b3b6 e-flex e-con-boxed tcg-animation-none e-con e-parent\" data-id=\"811b3b6\" data-element_type=\"container\" data-settings=\"{&quot;tc_container_hover_selector&quot;:&quot;container&quot;,&quot;tc_container_background_parallax&quot;:&quot;no&quot;,&quot;tc_smooth_scroll_effects&quot;:&quot;none&quot;,&quot;tc_css_effects&quot;:&quot;none&quot;,&quot;tcg_advanced_hover&quot;:&quot;no&quot;,&quot;tc_container_clip_path&quot;:&quot;none&quot;,&quot;float_cursor&quot;:&quot;no&quot;,&quot;tc_dark_mode_responsive_hide_in_dark&quot;:&quot;no&quot;,&quot;tc_dark_mode_responsive_hide_in_light&quot;:&quot;no&quot;}\">\n\t\t\t\t\t<div class=\"e-con-inner\">\n\t\t\t\t<div class=\"elementor-element elementor-element-43ef007 elementor-position-left elementor-vertical-align-top tcg-animation-none elementor-widget elementor-widget-image-box\" data-id=\"43ef007\" data-element_type=\"widget\" data-settings=\"{&quot;tc_smooth_scroll_effects&quot;:&quot;none&quot;,&quot;tc_css_effects&quot;:&quot;none&quot;,&quot;tc_dark_mode_responsive_hide_in_dark&quot;:&quot;no&quot;,&quot;tc_dark_mode_responsive_hide_in_light&quot;:&quot;no&quot;}\" data-widget_type=\"image-box.default\">\n\t\t\t\t<div class=\"elementor-widget-container\">\n\t\t\t\t\t<div class=\"elementor-image-box-wrapper\"><figure class=\"elementor-image-box-img\"><img fetchpriority=\"high\" decoding=\"async\" width=\"1281\" height=\"1920\" src=\"https:\/\/www.studiomaev.com\/wp-content\/uploads\/2025\/02\/ChristelleIdir_-22.webp\" class=\"attachment-full size-full wp-image-4595\" alt=\"\" \/><\/figure><div class=\"elementor-image-box-content\"><h2 class=\"elementor-image-box-title\">Impact social et d\u00e9veloppement durable<\/h2><p class=\"elementor-image-box-description\">En tant que sp\u00e9cialiste majeur de l'organisation d'\u00e9v\u00e9nements, MAEV s'engage depuis longtemps \u00e0 relever les d\u00e9fis environnementaux et sociaux actuels et futurs en s'engageant \u00e0 respecter ses engagements. La RSE est ancr\u00e9e dans notre strat\u00e9gie, nos processus et notre culture d'entreprise. Toutes les activit\u00e9s RSE de MAEV sont g\u00e9r\u00e9es dans le cadre du programme \u00ab\u00a0MAEV Cares\u00a0\u00bb \u00e0 l'\u00e9chelle du groupe. Ce programme, et donc toutes nos actions, met l'accent sur des pratiques commerciales responsables, ax\u00e9es sur des strat\u00e9gies durables et \u00e0 long terme, visant \u00e0 r\u00e9duire notre empreinte environnementale. Nous nous engageons \u00e0 offrir des opportunit\u00e9s de d\u00e9veloppement personnel \u00e0 nos \u00e9quipes dans un environnement de travail dynamique et s\u00e9curis\u00e9, et \u00e0 \u00e9tablir avec nos clients et partenaires commerciaux des relations empreintes d'\u00e9quit\u00e9, de confiance et de fiabilit\u00e9. L'am\u00e9lioration constante de nos services y contribue tout autant que le respect des normes internationales les plus strictes.<\/p><\/div><\/div>\t\t\t\t<\/div>\n\t\t\t\t<\/div>\n\t\t\t\t\t<\/div>\n\t\t\t\t<\/div>\n\t\t\t\t<\/div>\n\t\t","protected":false},"excerpt":{"rendered":"<p>RSE Impact social et d\u00e9veloppement durable En tant que sp\u00e9cialiste majeur de l&rsquo;organisation d&rsquo;\u00e9v\u00e9nements, MAEV s&rsquo;engage depuis longtemps \u00e0 relever les d\u00e9fis environnementaux et sociaux actuels et futurs en s&rsquo;engageant \u00e0 respecter ses engagements. La RSE est ancr\u00e9e dans notre strat\u00e9gie, nos processus et notre culture d&rsquo;entreprise. Toutes les activit\u00e9s RSE de MAEV sont g\u00e9r\u00e9es dans le cadre du programme &hellip;<\/p>\n","protected":false},"author":1,"featured_media":0,"parent":0,"menu_order":0,"comment_status":"closed","ping_status":"closed","template":"blank-builder.php","meta":{"footnotes":""},"class_list":["post-5278","page","type-page","status-publish","hentry"],"_links":{"self":[{"href":"https:\/\/www.studiomaev.com\/fr\/wp-json\/wp\/v2\/pages\/5278","targetHints":{"allow":["GET"]}}],"collection":[{"href":"https:\/\/www.studiomaev.com\/fr\/wp-json\/wp\/v2\/pages"}],"about":[{"href":"https:\/\/www.studiomaev.com\/fr\/wp-json\/wp\/v2\/types\/page"}],"author":[{"embeddable":true,"href":"https:\/\/www.studiomaev.com\/fr\/wp-json\/wp\/v2\/users\/1"}],"replies":[{"embeddable":true,"href":"https:\/\/www.studiomaev.com\/fr\/wp-json\/wp\/v2\/comments?post=5278"}],"version-history":[{"count":24,"href":"https:\/\/www.studiomaev.com\/fr\/wp-json\/wp\/v2\/pages\/5278\/revisions"}],"predecessor-version":[{"id":6691,"href":"https:\/\/www.studiomaev.com\/fr\/wp-json\/wp\/v2\/pages\/5278\/revisions\/6691"}],"wp:attachment":[{"href":"https:\/\/www.studiomaev.com\/fr\/wp-json\/wp\/v2\/media?parent=5278"}],"curies":[{"name":"wp","href":"https:\/\/api.w.org\/{rel}","templated":true}]}}