{"id":5280,"date":"2025-03-11T11:18:05","date_gmt":"2025-03-11T11:18:05","guid":{"rendered":"https:\/\/www.helloworld-agency.com\/demo\/maev\/conditions-dutilisation\/"},"modified":"2025-05-23T16:18:35","modified_gmt":"2025-05-23T16:18:35","slug":"conditions-dutilisation","status":"publish","type":"page","link":"https:\/\/www.studiomaev.com\/fr\/conditions-dutilisation\/","title":{"rendered":"Conditions d&rsquo;utilisation"},"content":{"rendered":"\t\t<div data-elementor-type=\"wp-page\" data-elementor-id=\"5280\" class=\"elementor elementor-5280 elementor-5124\">\n\t\t\t\t<div class=\"elementor-element elementor-element-d6ac48a e-flex e-con-boxed tcg-animation-none e-con e-parent\" data-id=\"d6ac48a\" data-element_type=\"container\" data-settings=\"{&quot;background_background&quot;:&quot;classic&quot;,&quot;tc_container_hover_selector&quot;:&quot;container&quot;,&quot;tc_container_background_parallax&quot;:&quot;no&quot;,&quot;tc_smooth_scroll_effects&quot;:&quot;none&quot;,&quot;tc_css_effects&quot;:&quot;none&quot;,&quot;tcg_advanced_hover&quot;:&quot;no&quot;,&quot;tc_container_clip_path&quot;:&quot;none&quot;,&quot;float_cursor&quot;:&quot;no&quot;,&quot;tc_dark_mode_responsive_hide_in_dark&quot;:&quot;no&quot;,&quot;tc_dark_mode_responsive_hide_in_light&quot;:&quot;no&quot;}\">\n\t\t\t\t\t<div class=\"e-con-inner\">\n\t\t<div class=\"elementor-element elementor-element-2ecbf7b e-con-full e-flex tcg-animation-none e-con e-child\" data-id=\"2ecbf7b\" data-element_type=\"container\" data-settings=\"{&quot;tc_container_hover_selector&quot;:&quot;container&quot;,&quot;tc_container_background_parallax&quot;:&quot;no&quot;,&quot;tc_smooth_scroll_effects&quot;:&quot;none&quot;,&quot;tc_css_effects&quot;:&quot;none&quot;,&quot;tcg_advanced_hover&quot;:&quot;no&quot;,&quot;tc_container_clip_path&quot;:&quot;none&quot;,&quot;float_cursor&quot;:&quot;no&quot;,&quot;tc_dark_mode_responsive_hide_in_dark&quot;:&quot;no&quot;,&quot;tc_dark_mode_responsive_hide_in_light&quot;:&quot;no&quot;}\">\n\t\t<div class=\"elementor-element elementor-element-ec1d842 e-con-full e-flex tcg-animation-none e-con e-child\" data-id=\"ec1d842\" data-element_type=\"container\" data-settings=\"{&quot;tc_container_hover_selector&quot;:&quot;container&quot;,&quot;tc_container_background_parallax&quot;:&quot;no&quot;,&quot;tc_smooth_scroll_effects&quot;:&quot;none&quot;,&quot;tc_css_effects&quot;:&quot;none&quot;,&quot;tcg_advanced_hover&quot;:&quot;no&quot;,&quot;tc_container_clip_path&quot;:&quot;none&quot;,&quot;float_cursor&quot;:&quot;no&quot;,&quot;tc_dark_mode_responsive_hide_in_dark&quot;:&quot;no&quot;,&quot;tc_dark_mode_responsive_hide_in_light&quot;:&quot;no&quot;}\">\n\t\t\t\t<div class=\"elementor-element elementor-element-4ac5591 elementor-absolute tcg-animation-none elementor-widget elementor-widget-heading\" data-id=\"4ac5591\" data-element_type=\"widget\" data-settings=\"{&quot;_position&quot;:&quot;absolute&quot;,&quot;tc_smooth_scroll_effects&quot;:&quot;none&quot;,&quot;tc_css_effects&quot;:&quot;none&quot;,&quot;tc_dark_mode_responsive_hide_in_dark&quot;:&quot;no&quot;,&quot;tc_dark_mode_responsive_hide_in_light&quot;:&quot;no&quot;}\" data-widget_type=\"heading.default\">\n\t\t\t\t<div class=\"elementor-widget-container\">\n\t\t\t\t\t<h1 class=\"elementor-heading-title elementor-size-default\">Conditions d'utilisation<\/h1>\t\t\t\t<\/div>\n\t\t\t\t<\/div>\n\t\t\t\t<\/div>\n\t\t\t\t<\/div>\n\t\t\t\t<div class=\"elementor-element elementor-element-beba383 elementor-widget__width-inherit tcg-animation-none elementor-widget elementor-widget-html\" data-id=\"beba383\" data-element_type=\"widget\" data-settings=\"{&quot;tc_smooth_scroll_effects&quot;:&quot;none&quot;,&quot;tc_css_effects&quot;:&quot;none&quot;,&quot;tc_dark_mode_responsive_hide_in_dark&quot;:&quot;no&quot;,&quot;tc_dark_mode_responsive_hide_in_light&quot;:&quot;no&quot;}\" data-widget_type=\"html.default\">\n\t\t\t\t<div class=\"elementor-widget-container\">\n\t\t\t\t\t<div class=\"overlay-custom-header\">\n<\/div>\t\t\t\t<\/div>\n\t\t\t\t<\/div>\n\t\t\t\t\t<\/div>\n\t\t\t\t<\/div>\n\t\t<div class=\"elementor-element elementor-element-8249344 e-flex e-con-boxed tcg-animation-none e-con e-parent\" data-id=\"8249344\" data-element_type=\"container\" data-settings=\"{&quot;tc_container_hover_selector&quot;:&quot;container&quot;,&quot;tc_container_background_parallax&quot;:&quot;no&quot;,&quot;tc_smooth_scroll_effects&quot;:&quot;none&quot;,&quot;tc_css_effects&quot;:&quot;none&quot;,&quot;tcg_advanced_hover&quot;:&quot;no&quot;,&quot;tc_container_clip_path&quot;:&quot;none&quot;,&quot;float_cursor&quot;:&quot;no&quot;,&quot;tc_dark_mode_responsive_hide_in_dark&quot;:&quot;no&quot;,&quot;tc_dark_mode_responsive_hide_in_light&quot;:&quot;no&quot;}\">\n\t\t\t\t\t<div class=\"e-con-inner\">\n\t\t\t\t<div class=\"elementor-element elementor-element-66e3e26 tcg-animation-none elementor-widget elementor-widget-text-editor\" data-id=\"66e3e26\" data-element_type=\"widget\" data-settings=\"{&quot;tc_smooth_scroll_effects&quot;:&quot;none&quot;,&quot;tc_css_effects&quot;:&quot;none&quot;,&quot;tc_dark_mode_responsive_hide_in_dark&quot;:&quot;no&quot;,&quot;tc_dark_mode_responsive_hide_in_light&quot;:&quot;no&quot;}\" data-widget_type=\"text-editor.default\">\n\t\t\t\t<div class=\"elementor-widget-container\">\n\t\t\t\t\t\t\t\t\t<h1>\u00c9diteur du site Internet<br \/><b>MAEV SARL<\/b><\/h1><p>Greffe du Tribunal de Commerce de Marrakech<br \/>Si\u00e8ge social : Harbil, Marrakesh 40000, Maroc<br \/>T\u00e9l\u00e9phone : +212 6 62 426 830 \/ E-mail : info@studiomaev.com<br \/>Directeur de publication : Safae El Hakym \u2013 PDG<br \/>Ce site est h\u00e9berg\u00e9 par la soci\u00e9t\u00e9 OVH<br \/>Si\u00e8ge social : 2 rue Kellermann \u2013 59100 Roubaix \u2013 France<\/p><h2>1\/ Champ d\u2019application<\/h2><p>Le site web www.studiomaev.com facilite la prise de contact en ligne. Nous vous conseillons de lire attentivement et de bien comprendre les conditions g\u00e9n\u00e9rales d\u2019utilisation avant d\u2019utiliser notre site web. En acc\u00e9dant et en utilisant notre site web, vous acceptez l\u00e9galement de vous conformer \u00e0 ces conditions g\u00e9n\u00e9rales d\u2019utilisation et aux possibles modifications auxquelles elles seront sujettes p\u00e9riodiquement. Nous nous r\u00e9servons le droit de modifier ces conditions g\u00e9n\u00e9rales d\u2019utilisation \u00e0 tout moment et ces changements prendront effets une fois publi\u00e9s sur le site web.<\/p><p>Les conditions g\u00e9n\u00e9rales d\u2019utilisation sont exprim\u00e9es en plusieurs langues mais en cas de litige, seul le texte fran\u00e7ais fait office de r\u00e9f\u00e9rence.<\/p><h3>Dur\u00e9e<\/h3><p>Les pr\u00e9sentes conditions g\u00e9n\u00e9rales d&rsquo;utilisation s\u2019appliquent pendant toute la dur\u00e9e de mise en ligne des services par MAEV sur le site web officiel.<\/p><h2>2\/ Propri\u00e9t\u00e9 intellectuelle<\/h2><p>La structure g\u00e9n\u00e9rale, ainsi que les scripts, textes, images anim\u00e9es ou fixes, sons, savoir-faire, dessins, graphismes et tous autres \u00e9l\u00e9ments composant ce site web sont de l&rsquo;utilisation exclusive de MAEV. Toute reproduction totale ou partielle de ce site, par quelques proc\u00e9d\u00e9s que ce soient, sans autorisation expresse de MAEV, est interdite et constituerait une contrefa\u00e7on sanctionn\u00e9e par les articles des lois, dont la loi n\u00b0 2-00 relative aux droits d&rsquo;auteur et droits voisins, et la loi n\u00b0 17-97 relative \u00e0 la protection de la propri\u00e9t\u00e9 industrielle Marocain. Les liens hypertextes mis en place dans le cadre du pr\u00e9sent site web en direction d&rsquo;autres ressources pr\u00e9sentes sur le r\u00e9seau internet, ne sauraient engager la responsabilit\u00e9 de MAEV.<\/p><p>MAEV autorise la mise en place d&rsquo;un lien hypertexte pointant vers son contenu, en respectant les principes suivants :<br \/>Le lien pointant vers le site de MAEV soit accessible par l&rsquo;ouverture d&rsquo;une nouvelle fen\u00eatre\/onglet.<br \/>Le lien est pr\u00e9sent\u00e9 de la mani\u00e8re suivante : https:\/\/studiomaev.com ou Maev Event.<br \/>Cette autorisation exclut l&rsquo;utilisation du logo de MAEV.<\/p><h2>3\/ Comportement de l\u2019utilisateur<\/h2><p>Les utilisateurs s\u2019engagent \u00e0 ne pas faire un usage abusif de notre site web ou de nos services, y compris, mais sans s\u2019y limiter, \u00e0 s\u2019engager dans des activit\u00e9s frauduleuses, \u00e0 violer les lois applicables ou \u00e0 enfreindre les droits d\u2019autrui.<\/p><h2>4\/ Politique de protection de la vie priv\u00e9e<\/h2><p>Votre utilisation de nos services est \u00e9galement r\u00e9gie par notre politique de confidentialit\u00e9, qui d\u00e9crit la mani\u00e8re dont nous collectons et utilisons vos donn\u00e9es.<\/p><h3>Qu\u2019est-ce qu\u2019un cookie ?<\/h3><p>Les cookies sont de petits fichiers qui sont install\u00e9s sur votre ordinateur ou votre p\u00e9riph\u00e9rique lorsque vous visitez notre site Web.<\/p><h4>Finalit\u00e9 des cookies<\/h4><p>Nous utilisons les cookies afin de rendre vos visites plus efficaces. Les cookies nous permettent \u00e9galement d\u2019am\u00e9liorer la navigation sur notre site et de comprendre vos comportements de navigation.<\/p><h4>Notre utilisation des cookies<\/h4><p>Nous utilisons les cookies pour :<\/p><ul><li>M\u00e9moriser vos pr\u00e9f\u00e9rences de navigation telles que votre langue, la taille de la police, la pr\u00e9sentation de la page ou les couleurs pr\u00e9f\u00e9r\u00e9es. Le tout pour vous permettre de parcourir notre site plus rapidement et plus facilement.<\/li><li>Collecter des informations analytiques pour, par exemple, compter le nombre de visiteurs sur notre site Web et identifier les pages que vous visitez le plus souvent. Nous utilisons les donn\u00e9es d\u2019analyse que nous collectons \u00e0 des fins marketing et de planification des ressources.<\/li><li>D\u00e9terminer si nos clients et visiteurs s\u2019adaptent facilement aux modifications que nous pouvons apporter \u00e0 notre site Web.<\/li><\/ul><h4>Informations collect\u00e9es gr\u00e2ce aux cookies<\/h4><p>Les cookies nous aident \u00e0 recueillir des renseignements sur la fa\u00e7on dont vous utilisez notre site Web, mais nous ne conservons aucune information permettant de vous identifier personnellement dans les donn\u00e9es de nos cookies vous concernant. Nous enregistrons uniquement un identifiant de session unique qui nous aidera \u00e0 retrouver un profil d\u2019utilisateur ainsi que vos pr\u00e9f\u00e9rences lors de votre prochaine visite.<\/p><h5>Types de cookies<\/h5><ul><li>Cookies de session : les cookies de ce type sont temporairement stock\u00e9s sur votre ordinateur ou votre p\u00e9riph\u00e9rique pendant une session de navigation. Ils sont effac\u00e9s de votre ordinateur ou de votre p\u00e9riph\u00e9rique \u00e0 la fin de la session de navigation.<\/li><li>Cookies permanents : les cookies de ce type demeurent plus longtemps sur votre ordinateur. Pour acc\u00e9l\u00e9rer le chargement de nos pages web.<\/li><\/ul><h5>Gestion des cookies<\/h5><p>Le menu de la plupart des navigateurs comporte des options vous permettant de g\u00e9rer vos cookies en r\u00e9glant ou en configurant vos param\u00e8tres de cookies. G\u00e9n\u00e9ralement, le navigateur vous offre la possibilit\u00e9 :<\/p><ol><li>\u00a0d\u2019afficher vos cookies ;<\/li><li>d\u2019autoriser les cookies ;<\/li><li>de d\u00e9sactiver tous les cookies, ou uniquement des cookies pr\u00e9cis ;<\/li><li>de d\u00e9sactiver tous les cookies lorsque vous fermez votre navigateur ;<\/li><li>de bloquer les cookies ;<\/li><li>d\u2019\u00eatre inform\u00e9 lorsque vous recevez un cookie.<\/li><\/ol><p>Veuillez noter que si vous choisissez de bloquer nos cookies, votre navigation risque d\u2019en \u00eatre affect\u00e9e. Si vous configurez les options de votre navigateur pour supprimer tous les cookies, vos pr\u00e9f\u00e9rences de navigation seront effac\u00e9es \u00e0 la fermeture de votre navigateur.<\/p><p>Veuillez noter qu\u2019\u00e0 moins que vous n\u2019ayez r\u00e9gl\u00e9 les param\u00e8tres de votre navigateur de fa\u00e7on \u00e0 refuser les cookies, notre syst\u00e8me \u00e9mettra des cookies d\u00e8s que vous vous rendrez sur notre site.<\/p>\t\t\t\t\t\t\t\t<\/div>\n\t\t\t\t<\/div>\n\t\t\t\t\t<\/div>\n\t\t\t\t<\/div>\n\t\t\t\t<\/div>\n\t\t","protected":false},"excerpt":{"rendered":"<p>Conditions d&rsquo;utilisation \u00c9diteur du site Internet.MAEV SARL Greffe du Tribunal de Commerce de MarrakechSi\u00e8ge social : Harbil, Marrakesh 40000, MarocT\u00e9l\u00e9phone : +212 6 62 426 830 \/ E-mail : info@studiomaev.comDirecteur de publication : Safae El Hakym \u2013 PDGCe site est h\u00e9berg\u00e9 par la soci\u00e9t\u00e9 OVHSi\u00e8ge social : 2 rue Kellermann \u2013 59100 Roubaix \u2013 France 1\/ Champ d\u2019application Le site &hellip;<\/p>\n","protected":false},"author":1,"featured_media":0,"parent":0,"menu_order":0,"comment_status":"closed","ping_status":"closed","template":"","meta":{"footnotes":""},"class_list":["post-5280","page","type-page","status-publish","hentry"],"_links":{"self":[{"href":"https:\/\/www.studiomaev.com\/fr\/wp-json\/wp\/v2\/pages\/5280","targetHints":{"allow":["GET"]}}],"collection":[{"href":"https:\/\/www.studiomaev.com\/fr\/wp-json\/wp\/v2\/pages"}],"about":[{"href":"https:\/\/www.studiomaev.com\/fr\/wp-json\/wp\/v2\/types\/page"}],"author":[{"embeddable":true,"href":"https:\/\/www.studiomaev.com\/fr\/wp-json\/wp\/v2\/users\/1"}],"replies":[{"embeddable":true,"href":"https:\/\/www.studiomaev.com\/fr\/wp-json\/wp\/v2\/comments?post=5280"}],"version-history":[{"count":22,"href":"https:\/\/www.studiomaev.com\/fr\/wp-json\/wp\/v2\/pages\/5280\/revisions"}],"predecessor-version":[{"id":6829,"href":"https:\/\/www.studiomaev.com\/fr\/wp-json\/wp\/v2\/pages\/5280\/revisions\/6829"}],"wp:attachment":[{"href":"https:\/\/www.studiomaev.com\/fr\/wp-json\/wp\/v2\/media?parent=5280"}],"curies":[{"name":"wp","href":"https:\/\/api.w.org\/{rel}","templated":true}]}}